{"id":466,"date":"2015-12-14T12:58:25","date_gmt":"2015-12-14T12:58:25","guid":{"rendered":"http:\/\/bestprocurement.ro\/ro\/despre\/"},"modified":"2015-12-15T21:44:41","modified_gmt":"2015-12-15T21:44:41","slug":"despre","status":"publish","type":"page","link":"https:\/\/bestprocurement.ro\/ro\/despre\/","title":{"rendered":"Despre"},"content":{"rendered":"<p><strong>Istoria Best Procurement <\/strong><\/p>\n<p>\u00cenfiin\u021bat\u0103 la \u00eenceputul lui 2010, av\u00e2nd sediul \u00een Bucure\u0219ti, Rom\u00e2nia, Best Procurement furnizeaz\u0103 servicii de servicii de consultan\u021b\u0103 \u00een domeniul infrastructurii.<br \/>\nBest Procurement de\u021bine \u00een prezent un portofoliu format din peste 20 contracte, majoritatea acestora fiind \u00een domeniul achizi\u021biilor \u0219i managementului contractelor, valor\u00e2nd peste 900.000.000 EUR.<\/p>\n<p><strong>\u00a0<\/strong><\/p>\n<p><strong>Echipa Best Procurement <\/strong><\/p>\n<p>Aduc\u00e2nd laolalt\u0103 ingineri de cantit\u0103\u021bi, cu o experien\u021b\u0103 cumulat\u0103 (de c\u00e2teva decenii) \u00een domeniile construc\u021biilor \u0219i infrastructurii, \u0219i profesioni\u0219ti cu un solid fond juridic, Best Procurement este specializat\u0103 \u00een solu\u021bionarea disputelor, achizi\u021bii publice \u0219i stabilire devize \u0219i poate oferi servicii de consultan\u021b\u0103 \u00een managementul contractelor.<br \/>\nDe asemenea, echipa Best Procurement cunoa\u0219te \u00een profunzime negocierile comerciale purtate \u00een baza regulilor <strong>FIDIC<\/strong> de bune practici \u0219i a participat \u00een solu\u021bion\u0103ri de dispute conform practicilor interna\u021bionale.<\/p>\n<p>&nbsp;<\/p>\n<p><strong>Avantaje cheie<\/strong><\/p>\n<ul>\n<li>Experien\u021b\u0103 vast\u0103 \u00een implementarea proiectelor finan\u021bate din fonduri UE \u0219i IFI<\/li>\n<li>Important\u0103 expertiz\u0103 \u00een revendic\u0103ri &amp; ordine de varia\u021bie<\/li>\n<li>O combina\u021bie de prezen\u021b\u0103 local\u0103 \u0219i occidental\u0103 extins\u0103<\/li>\n<li>Bun\u0103 cunoa\u0219tere a climatului de afaceri din Rom\u00e2nia<\/li>\n<li>Contacte locale valoroase \u0219i informa\u021bii actualizate despre pie\u021bele locale<\/li>\n<li>\u00cen\u021belegere profund\u0103 a negocierilor comerciale \u00een baza regulilor FIDIC, \u0219i participarea \u00een solu\u021bionarea disputelor conform practicilor interna\u021bionale.<\/li>\n<li>Echipa specializat\u0103 pe managementul contractelor, pe gestionarea problemelor ap\u0103rute \u00een cursul implement\u0103rii proiectelor.<\/li>\n<li>Personal experimentat \u0219i cu \u00eenalt\u0103 preg\u0103tire<\/li>\n<li>Responsabilitate &amp; Confiden\u021bialitate<\/li>\n<\/ul>\n","protected":false},"excerpt":{"rendered":"<p>Istoria Best Procurement <\/p>\n<p>\u00cenfiin\u021bat\u0103 la \u00eenceputul lui 2010, av\u00e2nd sediul \u00een Bucure\u0219ti, Rom\u00e2nia, Best Procurement furnizeaz\u0103 servicii de servicii de consultan\u021b\u0103 \u00een domeniul infrastructurii.<br \/>\nBest Procurement de\u021bine \u00een prezent un portofoliu format din peste 20 contracte, majoritatea acestora fiind \u00een domeniul achizi\u021biilor \u0219i managementului contractelor, valor\u00e2nd peste 900.000.000 EUR.<\/p>\n<p>\u00a0<\/p>\n<p>Echipa Best Procurement <\/p>\n<p>Aduc\u00e2nd laolalt\u0103 ingineri de cantit\u0103\u021bi, cu o experien\u021b\u0103 cumulat\u0103 (de c\u00e2teva decenii) \u00een domeniile construc\u021biilor \u0219i infrastructurii,<\/p>\n<p>  <a href=\"https:\/\/bestprocurement.ro\/ro\/despre\/\">&nbsp;&raquo;&nbsp;Read more about: Despre &nbsp;&raquo;<\/a><\/p>\n","protected":false},"author":2,"featured_media":0,"parent":0,"menu_order":0,"comment_status":"open","ping_status":"open","template":"page-about.php","meta":[],"_links":{"self":[{"href":"https:\/\/bestprocurement.ro\/ro\/wp-json\/wp\/v2\/pages\/466"}],"collection":[{"href":"https:\/\/bestprocurement.ro\/ro\/wp-json\/wp\/v2\/pages"}],"about":[{"href":"https:\/\/bestprocurement.ro\/ro\/wp-json\/wp\/v2\/types\/page"}],"author":[{"embeddable":true,"href":"https:\/\/bestprocurement.ro\/ro\/wp-json\/wp\/v2\/users\/2"}],"replies":[{"embeddable":true,"href":"https:\/\/bestprocurement.ro\/ro\/wp-json\/wp\/v2\/comments?post=466"}],"version-history":[{"count":2,"href":"https:\/\/bestprocurement.ro\/ro\/wp-json\/wp\/v2\/pages\/466\/revisions"}],"predecessor-version":[{"id":530,"href":"https:\/\/bestprocurement.ro\/ro\/wp-json\/wp\/v2\/pages\/466\/revisions\/530"}],"wp:attachment":[{"href":"https:\/\/bestprocurement.ro\/ro\/wp-json\/wp\/v2\/media?parent=466"}],"curies":[{"name":"wp","href":"https:\/\/api.w.org\/{rel}","templated":true}]}}