{"id":478,"date":"2015-12-14T13:26:51","date_gmt":"2015-12-14T13:26:51","guid":{"rendered":"http:\/\/bestprocurement.ro\/es\/5-anos-de-experiencia-en-servicios-de-construccion-e-infraestructura\/"},"modified":"2015-12-15T21:44:20","modified_gmt":"2015-12-15T21:44:20","slug":"sobre","status":"publish","type":"page","link":"https:\/\/bestprocurement.ro\/es\/sobre\/","title":{"rendered":"Sobre"},"content":{"rendered":"<p><strong>Historia de Best Procurement <\/strong><\/p>\n<p>Fundada a principios del a\u00f1o 2010, con sede en Bucarest, Rumania, Best Procurement ofrece servicios de consultor\u00eda en infraestructura.<\/p>\n<p>Best Procurement posee actualmente un portafolio de m\u00e1s de 20 contratos, sobre todo en la gesti\u00f3n de adquisiciones y contratos, \u00a0con un valor de m\u00e1s de 900 millones de euros.<\/p>\n<p><strong>Equipo Best Procurement <\/strong><\/p>\n<p>Reuniendo ingenieros en cantidades \/quantity surveyors, con una experiencia acumulada (de d\u00e9cadas) en la construcci\u00f3n e infraestructura, y profesionales con una s\u00f3lida formaci\u00f3n jur\u00eddica, Best Procurement se especializa en la resoluci\u00f3n de controversias, adquisiciones p\u00fablicas y estimaci\u00f3n de cantidades\/ quantity surveying y puede prestar servicios de consultor\u00eda en la gesti\u00f3n de contratos.<\/p>\n<p>Igualmente, el equipo de Best Procurement \u00a0conoce en profundidas las negociaciones comerciales llevadas a cabo seg\u00fan las reglamentaciones de buenas pr\u00e1cticas de la FIDIC y ha participado en la resoluci\u00f3n de controversias en conformidad con las pr\u00e1cticas internacionales<\/p>\n<p><strong>Los beneficios clave<\/strong><\/p>\n<ul>\n<li>Amplia experiencia en la implementaci\u00f3n de proyectos financiados por la UE y por las instituciones financieras internacionales<\/li>\n<li>Una importante experiencia en reivindicaciones y \u00f3rdenes de variaci\u00f3n<\/li>\n<li>Una combinaci\u00f3n de presencia local extensa y Occidental<\/li>\n<li>Buen conocimiento del tejido empresarial de Ruman\u00eda<\/li>\n<li>Contratos locales importantes e informaciones actualizadas sobre los mercados locales<\/li>\n<li>Comprensi\u00f3n profunda de las negociaciones comerciales seg\u00fan las reglas de la FIDIC, y participaci\u00f3n en la soluci\u00f3n de controversias en conformidad con las pr\u00e1cticas internacionales.<\/li>\n<li>Equipo especializado en la gesti\u00f3n de contratos y gesti\u00f3n de problemas que puedan surgir durante la ejecuci\u00f3n de proyectos.<\/li>\n<li>Personal experimentado y altamente capacitado<\/li>\n<li>Responsabilidad y Confidencialidad<\/li>\n<\/ul>\n","protected":false},"excerpt":{"rendered":"<p>Historia de Best Procurement <\/p>\n<p>Fundada a principios del a\u00f1o 2010, con sede en Bucarest, Rumania, Best Procurement ofrece servicios de consultor\u00eda en infraestructura.<\/p>\n<p>Best Procurement posee actualmente un portafolio de m\u00e1s de 20 contratos, sobre todo en la gesti\u00f3n de adquisiciones y contratos, \u00a0con un valor de m\u00e1s de 900 millones de euros.<\/p>\n<p>Equipo Best Procurement <\/p>\n<p>Reuniendo ingenieros en cantidades \/quantity surveyors, con una experiencia acumulada (de d\u00e9cadas) en la construcci\u00f3n e infraestructura,<\/p>\n<p>  <a href=\"https:\/\/bestprocurement.ro\/es\/sobre\/\">&nbsp;&raquo;&nbsp;Read more about: Sobre &nbsp;&raquo;<\/a><\/p>\n","protected":false},"author":2,"featured_media":0,"parent":0,"menu_order":0,"comment_status":"open","ping_status":"open","template":"page-about.php","meta":[],"_links":{"self":[{"href":"https:\/\/bestprocurement.ro\/es\/wp-json\/wp\/v2\/pages\/478"}],"collection":[{"href":"https:\/\/bestprocurement.ro\/es\/wp-json\/wp\/v2\/pages"}],"about":[{"href":"https:\/\/bestprocurement.ro\/es\/wp-json\/wp\/v2\/types\/page"}],"author":[{"embeddable":true,"href":"https:\/\/bestprocurement.ro\/es\/wp-json\/wp\/v2\/users\/2"}],"replies":[{"embeddable":true,"href":"https:\/\/bestprocurement.ro\/es\/wp-json\/wp\/v2\/comments?post=478"}],"version-history":[{"count":2,"href":"https:\/\/bestprocurement.ro\/es\/wp-json\/wp\/v2\/pages\/478\/revisions"}],"predecessor-version":[{"id":529,"href":"https:\/\/bestprocurement.ro\/es\/wp-json\/wp\/v2\/pages\/478\/revisions\/529"}],"wp:attachment":[{"href":"https:\/\/bestprocurement.ro\/es\/wp-json\/wp\/v2\/media?parent=478"}],"curies":[{"name":"wp","href":"https:\/\/api.w.org\/{rel}","templated":true}]}}